{"id":14817,"date":"2024-04-10T12:57:46","date_gmt":"2024-04-10T12:57:46","guid":{"rendered":"https:\/\/www.bistrolande.com\/tietosuojaseloste\/"},"modified":"2024-04-10T12:57:46","modified_gmt":"2024-04-10T12:57:46","slug":"tietosuojaseloste","status":"publish","type":"page","link":"https:\/\/www.bistrolande.com\/fi\/tietosuojaseloste\/","title":{"rendered":"Tietosuojaseloste"},"content":{"rendered":"<p><b><i>REKISTERINPIT\u00c4J\u00c4<\/i><\/b><\/p>\n<p><b>Yritys<\/b><\/p>\n<p><span style=\"font-weight: 400;\">PlanoBistro Oy<\/span><\/p>\n<p><span style=\"font-weight: 400;\">Y-tunnus: 3267280-5<\/span><\/p>\n<p><span style=\"font-weight: 400;\">10210 Inkoo<\/span><\/p>\n<p><b>Yhteyshenkil\u00f6<\/b><\/p>\n<p><span style=\"font-weight: 400;\">Christer Enqvist<\/span><\/p>\n<p><span style=\"font-weight: 400;\">info@bistrolande.com <\/span><\/p>\n<p><span style=\"font-weight: 400;\">puh. 050-5386801<\/span><\/p>\n<p><b><i>REKISTERIN NIMI<\/i><\/b><\/p>\n<p><span style=\"font-weight: 400;\">PlanoBistro markkinointi- ja asiakasrekisteri<\/span><\/p>\n<p><b><i>HENKIL\u00d6TIETOJEN KER\u00c4\u00c4MISEN TARKOITUS<\/i><\/b><\/p>\n<p><span style=\"font-weight: 400;\">Ker\u00e4\u00e4mme, s\u00e4ilyt\u00e4mme ja k\u00e4sittelemme henkil\u00f6tietoja vain ennalta m\u00e4\u00e4riteltyj\u00e4 lainmukaisia tarkoituksia varten. P\u00e4\u00e4asiallisia henkil\u00f6tietojen k\u00e4ytt\u00f6tarkoituksia ovat:<\/span><\/p>\n<p><span style=\"font-weight: 400;\">Markkinointi ja palvelun k\u00e4yt\u00f6n seuranta: K\u00e4sittelemme henkil\u00f6tietoja my\u00f6s markkinoinnin, mukaan lukien suoramarkkinoinnin, toteuttamiseksi. T\u00e4m\u00e4 voi tarkoittaa my\u00f6s esimerkiksi henkil\u00f6tietojen k\u00e4sittely\u00e4 markkinoinnin ja sis\u00e4lt\u00f6jen kohdentamiseksi.<\/span><\/p>\n<p><span style=\"font-weight: 400;\">Lakis\u00e4\u00e4teisten velvoitteiden t\u00e4ytt\u00e4minen: Tietojasi saatetaan ker\u00e4t\u00e4 ja k\u00e4sitell\u00e4 my\u00f6s lakis\u00e4\u00e4teisten velvoitteiden t\u00e4ytt\u00e4miseen, kuten kirjanpitotarkoituksiin.<\/span><\/p>\n<p><b><i>HENKIL\u00d6TIEDOT JA NIIDEN L\u00c4HTEET<\/i><\/b><\/p>\n<p><span style=\"font-weight: 400;\">Ker\u00e4\u00e4mme henkil\u00f6tietoja p\u00e4\u00e4asiassa asiakkailta ja k\u00e4ytt\u00e4jilt\u00e4 itselt\u00e4\u00e4n palveluidemme ja sivuston k\u00e4yt\u00f6n yhteydess\u00e4, esimerkiksi t\u00e4ytt\u00e4m\u00e4ll\u00e4 s\u00e4hk\u00f6isi\u00e4 lomakkeita tai tilaamalla uutiskirjeit\u00e4mme. Tietoja ker\u00e4t\u00e4\u00e4n my\u00f6s ev\u00e4steiden ja muiden vastaavien tekniikoiden avulla. Henkil\u00f6lt\u00e4 itselt\u00e4\u00e4n saatamme saada esimerkiksi seuraavia henkil\u00f6tietoja:<\/span><\/p>\n<ul>\n<li style=\"font-weight: 400;\" aria-level=\"1\"><span style=\"font-weight: 400;\">Nimi<\/span><\/li>\n<li style=\"font-weight: 400;\" aria-level=\"1\"><span style=\"font-weight: 400;\">Puhelinnumero<\/span><\/li>\n<li style=\"font-weight: 400;\" aria-level=\"1\"><span style=\"font-weight: 400;\">S\u00e4hk\u00f6postiosoite<\/span><\/li>\n<li style=\"font-weight: 400;\" aria-level=\"1\"><span style=\"font-weight: 400;\">Toimenkuva tai ammatti<\/span><\/li>\n<li style=\"font-weight: 400;\" aria-level=\"1\"><span style=\"font-weight: 400;\">Ty\u00f6nantaja \/ yritys<\/span><\/li>\n<\/ul>\n<p><span style=\"font-weight: 400;\">Ker\u00e4\u00e4mme ja k\u00e4sittelemme p\u00e4\u00e4asiassa vain asiakkaitamme ja sivustomme k\u00e4vij\u00f6it\u00e4 ja k\u00e4ytt\u00e4ji\u00e4 koskevia henkil\u00f6tietoja.<\/span><\/p>\n<p><b><i>HENKIL\u00d6TIETOJEN K\u00c4SITTELY<\/i><\/b><\/p>\n<p><span style=\"font-weight: 400;\">P\u00e4\u00e4s\u00e4\u00e4nt\u00f6isesti henkil\u00f6tietojasi k\u00e4sittelee yrityksemme henkil\u00f6st\u00f6\u00f6n kuuluvat henkil\u00f6t teht\u00e4vi\u00e4\u00e4n suorittaessaan. Saatamme luovuttaa henkil\u00f6tietoja markkinointitarkoituksia varten yhteisty\u00f6kumppaneillemme sovellettavan lain s\u00e4\u00e4nn\u00f6sten puitteissa.<\/span><\/p>\n<p><span style=\"font-weight: 400;\">Henkil\u00f6tietoja saatetaan my\u00f6s jossain tapauksessa luovuttaa luottamuksellisesti tai mahdollistaa p\u00e4\u00e4sy tietoihin alihankkijoillemme, jotka k\u00e4sittelev\u00e4t henkil\u00f6tietoja kirjallisen toimeksiantosopimuksen nojalla. Alihankkijamme k\u00e4sittelev\u00e4t henkil\u00f6tietoja sovitulla tavalla, kirjallisten ohjeidemme mukaisesti ja vain niiden tarkoitusten edist\u00e4miseksi, joita on t\u00e4ss\u00e4 tietosuojalausekkeessa mainittu. Koska henkil\u00f6tiedot ovat l\u00e4hes yksinomaan s\u00e4hk\u00f6isess\u00e4 muodossa, k\u00e4yt\u00e4mme alihankkijoita erityisesti tietojen tallentamiseen (esim. pilvitallennus- ja hosting-palvelut, s\u00e4hk\u00f6postipalvelu), tekniseen tukeen ja verkkosivustojen suunnitteluun ja toteuttamiseen liittyen sek\u00e4 suoramarkkinoinnin toteuttamiseen.<\/span><\/p>\n<p><span style=\"font-weight: 400;\">Saatamme my\u00f6s luovuttaa tietoja muutoin sopimusvelvoitteiden t\u00e4ytt\u00e4miseksi tai lain tai toimivaltaisen viranomaisen sit\u00e4 edellytt\u00e4ess\u00e4. Saatamme my\u00f6s luovuttaa tietoja, mik\u00e4li olisimme osallisena yritys- tai liiketoimintakaupassa.<\/span><\/p>\n<p><span style=\"font-weight: 400;\">Saatamme my\u00f6s luovuttaa ev\u00e4stetietoja yhteisty\u00f6kumppaneillemme markkinointitarkoituksia varten.<\/span><\/p>\n<p><b><i>HENKIL\u00d6TIETOJEN LUOVUTTAMINEN EU:N ULKOPUOLELLE<\/i><\/b><\/p>\n<p><span style=\"font-weight: 400;\">Henkil\u00f6tietojen siirtoa EU:n ulkopuolelle pyrit\u00e4\u00e4n rajoittamaan. Tietoja saatetaan kuitenkin siirt\u00e4\u00e4 joissain tilanteissa EU:n ulkopuolelle, sill\u00e4 jotkut k\u00e4ytt\u00e4mist\u00e4mme alihankkijoista (esim. pilvitallennuspalvelu, s\u00e4hk\u00f6postimarkkinointipalvelu) saattavat olla EU:n ulkopuolisia yrityksi\u00e4.<\/span><\/p>\n<p><span style=\"font-weight: 400;\">Jos tietoa siirret\u00e4\u00e4n EU:n ulkopuolelle, varmistamme ett\u00e4 maa on EU:n komission tarkoittama riitt\u00e4v\u00e4n tietosuojan maa, siirronsaaja on Privacy Shield -sertifioitu (Yhdysvalloissa sijaitsevat siirronsaajat) taikka siirto tapahtuu EU:n komission julkaisemia mallilausekkeita hy\u00f6dynt\u00e4en. Varmistamme siis aina, ett\u00e4 mahdollinen tiedonsiirto toteutetaan lain edellytt\u00e4min perustein ja riitt\u00e4vin suojamekanismein, mik\u00e4li tietoa siirret\u00e4\u00e4n EU:n ulkopuolelle.<\/span><\/p>\n<p><b><i>HENKIL\u00d6TIETOJEN S\u00c4ILYTT\u00c4MINEN<\/i><\/b><\/p>\n<p><span style=\"font-weight: 400;\">Emme s\u00e4ilyt\u00e4 henkil\u00f6tietojasi pidemp\u00e4\u00e4n kuin on tarpeellista niiden k\u00e4ytt\u00f6tarkoitukselle tai kuin sopimus tai laki vaatii. Henkil\u00f6tietojen s\u00e4ilytysajat voivat kuitenkin vaihdella k\u00e4ytt\u00f6tarkoituksesta ja tilanteesta riippuen. Henkil\u00f6tietojen s\u00e4ilytt\u00e4misajat m\u00e4\u00e4r\u00e4ytyv\u00e4t erityisesti seuraavin perustein:<\/span><\/p>\n<ul>\n<li style=\"font-weight: 400;\" aria-level=\"1\"><span style=\"font-weight: 400;\">henkil\u00f6tietojen k\u00e4sittely on perustunut suostumukseen, jonka henkil\u00f6 peruuttaa, eik\u00e4 ole en\u00e4\u00e4 muuta k\u00e4sittelyperustetta;<\/span><\/li>\n<li style=\"font-weight: 400;\" aria-level=\"1\"><span style=\"font-weight: 400;\">henkil\u00f6 pyyt\u00e4\u00e4 tietojensa poistamista (eik\u00e4 perustetta jatkaa k\u00e4sittely\u00e4);<\/span><\/li>\n<li style=\"font-weight: 400;\" aria-level=\"1\"><span style=\"font-weight: 400;\">henkil\u00f6tieto on virheellist\u00e4 tai vanhentunutta;<\/span><\/li>\n<li style=\"font-weight: 400;\" aria-level=\"1\"><span style=\"font-weight: 400;\">henkil\u00f6tietoa ei tarvita en\u00e4\u00e4 alkuper\u00e4iseen tarkoitukseensa;<\/span><\/li>\n<li style=\"font-weight: 400;\" aria-level=\"1\"><span style=\"font-weight: 400;\">lakis\u00e4\u00e4teinen s\u00e4ilytysaika ylitetty (esim. kirjanpitolaki); tai<\/span><\/li>\n<\/ul>\n<p><span style=\"font-weight: 400;\">Pyrimme tarvittaessa my\u00f6s p\u00e4ivitt\u00e4m\u00e4\u00e4n tietojasi. Tarpeeton tieto poistetaan.<\/span><\/p>\n<p><b><i>TIETOJEN S\u00c4ILYTT\u00c4MINEN JA SUOJAAMINEN<\/i><\/b><\/p>\n<p><span style=\"font-weight: 400;\">Henkil\u00f6tietoja s\u00e4ilytet\u00e4\u00e4n p\u00e4\u00e4asiassa s\u00e4hk\u00f6isess\u00e4 muodossa. Palvelimet joilla tietoja s\u00e4ilytet\u00e4\u00e4n on suojattu alan yleisten standardien mukaisesti. Ker\u00e4\u00e4m\u00e4mme ja k\u00e4sittelem\u00e4mme henkil\u00f6tiedot pidet\u00e4\u00e4n luottamuksellisina eik\u00e4 niit\u00e4 ilmaista muille kuin niit\u00e4 ty\u00f6ss\u00e4\u00e4n tarvitseville tai luottamuksellisesti ja rajoitetusti sopimusten perusteella sopimus- ja yhteisty\u00f6kumppaneillemme. P\u00e4\u00e4sy henkil\u00f6tietoihisi on rajattu ja suojattu k\u00e4ytt\u00e4j\u00e4kohtaisin tunnuksin, salasanoin ja k\u00e4ytt\u00f6oikeuksin. Toimitilamme ovat lukitut ja suojatut.<\/span><\/p>\n<p><b><i>OIKEUDET JA VAIKUTUSMAHDOLLISUUDET<\/i><\/b><\/p>\n<p><b>Suostumuksen peruuttaminen<\/b><\/p>\n<p><span style=\"font-weight: 400;\">Mik\u00e4li k\u00e4sittelemme tietojasi suostumuksesi perusteella, voit milloin tahansa peruuttaa suostumuksen ilmoittamalla siit\u00e4 meille, esimerkiksi l\u00e4hett\u00e4m\u00e4ll\u00e4 s\u00e4hk\u00f6postia osoitteeseen info@bistrolande.com <\/span><\/p>\n<p><b>Tietoihin p\u00e4\u00e4sy<\/b><\/p>\n<p><span style=\"font-weight: 400;\">Sinulla on oikeus saada meilt\u00e4 vahvistus siit\u00e4, k\u00e4sittelemmek\u00f6 sinua koskevia henkil\u00f6tietoja sek\u00e4 saada tiet\u00e4\u00e4 mit\u00e4 sinua koskevia henkil\u00f6tietoja k\u00e4sittelemme. Lis\u00e4ksi sinulla on oikeus saada t\u00e4ydent\u00e4vi\u00e4 tietoja henkil\u00f6tietojesi k\u00e4sittelyn perusteista. Huomaathan, ett\u00e4 tietojen antaminen edellytt\u00e4\u00e4, ett\u00e4 tunnistamme sinut. T\u00e4m\u00e4 voi perustua esimerkiksi kirjallisesti allekirjoitettuun tarkastuspyynt\u00f6\u00f6n.<\/span><\/p>\n<p><b>Virheenkorjaus oikeus<\/b><\/p>\n<p><span style=\"font-weight: 400;\">Sinulla on oikeus pyyt\u00e4\u00e4, ett\u00e4 korjaamme sinua koskevat virheelliset, vanhentuneet tai muuten puutteelliset henkil\u00f6tiedot.<\/span><\/p>\n<p><b>Suoramarkkinoinnin kielto<\/b><\/p>\n<p><span style=\"font-weight: 400;\">Voit kielt\u00e4\u00e4 henkil\u00f6tietojesi k\u00e4sittelyn suoramarkkinointitarkoituksia varten l\u00e4hett\u00e4m\u00e4ll\u00e4 s\u00e4hk\u00f6postia osoitteeseen info@bistrolande.com<\/span><\/p>\n<p><b>Oikeuden toteuttaminen<\/b><\/p>\n<p><span style=\"font-weight: 400;\">Voit toteuttaa edell\u00e4 kuvatut oikeutesi ottamalla meihin yhteytt\u00e4 esimerkiksi l\u00e4hett\u00e4m\u00e4ll\u00e4 s\u00e4hk\u00f6postia osoitteeseen info@bistrolande.com <\/span><\/p>\n<p><span style=\"font-weight: 400;\">Tarkastusoikeuden t\u00e4ytt\u00e4miseksi meid\u00e4n tulee ensin kuitenkin tunnistaa sinut ja varmistaa henkil\u00f6llisyytesi. T\u00e4m\u00e4 voi tapahtua esimerkiksi l\u00e4hett\u00e4m\u00e4ll\u00e4 kirjallisesti allekirjoitettu tarkastuspyynt\u00f6.<\/span><\/p>\n<p><b><i>YHTEYSTIEDOT<\/i><\/b><\/p>\n<p><b>Yritys<\/b><\/p>\n<p><span style=\"font-weight: 400;\">PlanoBistro Oy<\/span><\/p>\n<p><span style=\"font-weight: 400;\">3267280-5<\/span><\/p>\n<p><span style=\"font-weight: 400;\">10210 Inkoo<\/span><\/p>\n<p><b>Yhteyshenkil\u00f6<\/b><\/p>\n<p><span style=\"font-weight: 400;\">Christer Enqvist<\/span><\/p>\n<p><span style=\"font-weight: 400;\">info@bistrolande.com <\/span><\/p>\n<p><span style=\"font-weight: 400;\">puh. 050-5386801<\/span><\/p>\n","protected":false},"excerpt":{"rendered":"<p>REKISTERINPIT\u00c4J\u00c4 Yritys PlanoBistro Oy Y-tunnus: 3267280-5 10210 Inkoo Yhteyshenkil\u00f6 Christer Enqvist info@bistrolande.com puh. 050-5386801 REKISTERIN NIMI PlanoBistro markkinointi- ja asiakasrekisteri HENKIL\u00d6TIETOJEN KER\u00c4\u00c4MISEN TARKOITUS Ker\u00e4\u00e4mme, s\u00e4ilyt\u00e4mme ja k\u00e4sittelemme henkil\u00f6tietoja vain ennalta m\u00e4\u00e4riteltyj\u00e4 lainmukaisia tarkoituksia varten. P\u00e4\u00e4asiallisia henkil\u00f6tietojen k\u00e4ytt\u00f6tarkoituksia ovat: Markkinointi ja palvelun k\u00e4yt\u00f6n seuranta: K\u00e4sittelemme henkil\u00f6tietoja my\u00f6s markkinoinnin, mukaan lukien suoramarkkinoinnin, toteuttamiseksi. T\u00e4m\u00e4 voi tarkoittaa my\u00f6s esimerkiksi henkil\u00f6tietojen k\u00e4sittely\u00e4 markkinoinnin ja sis\u00e4lt\u00f6jen kohdentamiseksi. Lakis\u00e4\u00e4teisten velvoitteiden t\u00e4ytt\u00e4minen: Tietojasi saatetaan ker\u00e4t\u00e4 ja k\u00e4sitell\u00e4 my\u00f6s lakis\u00e4\u00e4teisten velvoitteiden t\u00e4ytt\u00e4miseen, kuten kirjanpitotarkoituksiin. HENKIL\u00d6TIEDOT JA NIIDEN L\u00c4HTEET [&hellip;]<\/p>\n","protected":false},"author":1,"featured_media":0,"parent":0,"menu_order":0,"comment_status":"closed","ping_status":"closed","template":"","meta":{"footnotes":""},"class_list":["post-14817","page","type-page","status-publish","hentry"],"_links":{"self":[{"href":"https:\/\/www.bistrolande.com\/fi\/wp-json\/wp\/v2\/pages\/14817","targetHints":{"allow":["GET"]}}],"collection":[{"href":"https:\/\/www.bistrolande.com\/fi\/wp-json\/wp\/v2\/pages"}],"about":[{"href":"https:\/\/www.bistrolande.com\/fi\/wp-json\/wp\/v2\/types\/page"}],"author":[{"embeddable":true,"href":"https:\/\/www.bistrolande.com\/fi\/wp-json\/wp\/v2\/users\/1"}],"replies":[{"embeddable":true,"href":"https:\/\/www.bistrolande.com\/fi\/wp-json\/wp\/v2\/comments?post=14817"}],"version-history":[{"count":0,"href":"https:\/\/www.bistrolande.com\/fi\/wp-json\/wp\/v2\/pages\/14817\/revisions"}],"wp:attachment":[{"href":"https:\/\/www.bistrolande.com\/fi\/wp-json\/wp\/v2\/media?parent=14817"}],"curies":[{"name":"wp","href":"https:\/\/api.w.org\/{rel}","templated":true}]}}